{"id":343,"date":"2016-09-22T13:24:01","date_gmt":"2016-09-22T13:24:01","guid":{"rendered":"https:\/\/e-sp.ch\/wp_neu\/wordpress-2\/?page_id=343"},"modified":"2024-01-27T13:59:43","modified_gmt":"2024-01-27T13:59:43","slug":"portrait","status":"publish","type":"page","link":"https:\/\/e-sp.ch\/index.php\/portrait\/","title":{"rendered":"Portrait"},"content":{"rendered":"<div class=\"wpb-content-wrapper\"><p>[vc_row row_type=&#187;row&#187; use_row_as_full_screen_section=&#187;no&#187; type=&#187;full_width&#187; text_align=&#187;left&#187; background_animation=&#187;none&#187; css_animation=&#187;&#187;][vc_column width=&#187;1\/4&#8243;][\/vc_column][vc_column width=&#187;1\/4&#8243;][vc_single_image image=&#187;508&#8243; img_size=&#187;medium&#187; alignment=&#187;right&#187; style=&#187;vc_box_circle_2&#8243; qode_css_animation=&#187;&#187;][vc_empty_space height=&#187;10px&#187;][vc_column_text]<\/p>\n<h6 style=\"text-align: center;\">Portraitfotografie:<br \/>\n<a href=\"http:\/\/www.muenchhalfen.ch\">Hans H. M\u00fcnchhalfen<\/a><\/h6>\n<p>[\/vc_column_text][\/vc_column][vc_column width=&#187;1\/4&#8243;][vc_empty_space height=&#187;20px&#187;][vc_empty_space height=&#187;20px&#187;][vc_empty_space height=&#187;50px&#187;][vc_column_text]<\/p>\n<h3>Ernst Spycher<\/h3>\n<p>[\/vc_column_text][vc_column_text]Dr.-Ing. Dipl. Arch. HBK | SIA[\/vc_column_text][\/vc_column][vc_column width=&#187;1\/4&#8243;][\/vc_column][\/vc_row][vc_row row_type=&#187;row&#187; use_row_as_full_screen_section=&#187;no&#187; type=&#187;full_width&#187; text_align=&#187;left&#187; background_animation=&#187;none&#187; css_animation=&#187;&#187;][vc_column width=&#187;1\/2&#8243;][\/vc_column][vc_column width=&#187;1\/2&#8243;][vc_empty_space height=&#187;60px&#187;][vc_column_text]<\/p>\n<h3>Curriculum Vitae<\/h3>\n<p>[\/vc_column_text][vc_empty_space height=&#187;10px&#187;][\/vc_column][\/vc_row][vc_row row_type=&#187;row&#187; use_row_as_full_screen_section=&#187;no&#187; type=&#187;full_width&#187; text_align=&#187;left&#187; background_animation=&#187;none&#187; css_animation=&#187;&#187;][vc_column width=&#187;1\/6&#8243;][\/vc_column][vc_column width=&#187;1\/6&#8243;][\/vc_column][vc_column width=&#187;1\/6&#8243;][vc_column_text]<\/p>\n<h4 style=\"text-align: left;\">1952 &#8211; 1958<\/h4>\n<p>[\/vc_column_text][\/vc_column][vc_column width=&#187;1\/2&#8243;][vc_column_text]<\/p>\n<p style=\"text-align: left;\">Primarschule in Rorschacherberg\/SG<\/p>\n<p>[\/vc_column_text][\/vc_column][\/vc_row][vc_row row_type=&#187;row&#187; use_row_as_full_screen_section=&#187;no&#187; type=&#187;full_width&#187; text_align=&#187;left&#187; background_animation=&#187;none&#187; css_animation=&#187;&#187;][vc_column width=&#187;1\/6&#8243;][\/vc_column][vc_column width=&#187;1\/6&#8243;][\/vc_column][vc_column width=&#187;1\/2&#8243;][vc_empty_space height=&#187;20px&#187;][vc_column_text]<\/p>\n<hr \/>\n<p>[\/vc_column_text][vc_empty_space height=&#187;20px&#187;][\/vc_column][\/vc_row][vc_row row_type=&#187;row&#187; use_row_as_full_screen_section=&#187;no&#187; type=&#187;full_width&#187; text_align=&#187;left&#187; background_animation=&#187;none&#187; css_animation=&#187;&#187;][vc_column width=&#187;1\/6&#8243;][\/vc_column][vc_column width=&#187;1\/6&#8243;][\/vc_column][vc_column width=&#187;1\/6&#8243;][vc_column_text]<\/p>\n<h4 style=\"text-align: left;\">1958 &#8211; 1961<\/h4>\n<p>[\/vc_column_text][\/vc_column][vc_column width=&#187;1\/2&#8243;][vc_column_text]Sekundarschule in Rorschacherberg\/SG[\/vc_column_text][\/vc_column][\/vc_row][vc_row row_type=&#187;row&#187; use_row_as_full_screen_section=&#187;no&#187; type=&#187;full_width&#187; text_align=&#187;left&#187; background_animation=&#187;none&#187; css_animation=&#187;&#187;][vc_column width=&#187;1\/6&#8243;][\/vc_column][vc_column width=&#187;1\/6&#8243;][\/vc_column][vc_column width=&#187;1\/2&#8243;][vc_empty_space height=&#187;20px&#187;][vc_column_text]<\/p>\n<hr \/>\n<p>[\/vc_column_text][vc_empty_space height=&#187;20px&#187;][\/vc_column][\/vc_row][vc_row row_type=&#187;row&#187; use_row_as_full_screen_section=&#187;no&#187; type=&#187;full_width&#187; text_align=&#187;left&#187; background_animation=&#187;none&#187; css_animation=&#187;&#187;][vc_column width=&#187;1\/6&#8243;][\/vc_column][vc_column width=&#187;1\/6&#8243;][\/vc_column][vc_column width=&#187;1\/6&#8243;][vc_column_text]<\/p>\n<h4 style=\"text-align: left;\">1961 &#8211; 1964<\/h4>\n<p>[\/vc_column_text][\/vc_column][vc_column width=&#187;1\/2&#8243;][vc_column_text]Berufsausbildung als Hochbauzeichner in Rorschach\/SG[\/vc_column_text][\/vc_column][\/vc_row][vc_row row_type=&#187;row&#187; use_row_as_full_screen_section=&#187;no&#187; type=&#187;full_width&#187; text_align=&#187;left&#187; background_animation=&#187;none&#187; css_animation=&#187;&#187;][vc_column width=&#187;1\/6&#8243;][\/vc_column][vc_column width=&#187;1\/6&#8243;][\/vc_column][vc_column width=&#187;1\/2&#8243;][vc_empty_space height=&#187;20px&#187;][vc_column_text]<\/p>\n<hr \/>\n<p>[\/vc_column_text][vc_empty_space height=&#187;20px&#187;][\/vc_column][\/vc_row][vc_row row_type=&#187;row&#187; use_row_as_full_screen_section=&#187;no&#187; type=&#187;full_width&#187; text_align=&#187;left&#187; background_animation=&#187;none&#187; css_animation=&#187;&#187;][vc_column width=&#187;1\/6&#8243;][\/vc_column][vc_column width=&#187;1\/6&#8243;][\/vc_column][vc_column width=&#187;1\/6&#8243;][vc_column_text]<\/p>\n<h4 style=\"text-align: left;\">1964 &#8211; 1970<\/h4>\n<p>[\/vc_column_text][\/vc_column][vc_column width=&#187;1\/2&#8243;][vc_column_text]Berufliche T\u00e4tigkeit in den B\u00fcros:<\/p>\n<p>Rolf Georg Otto, Liestal\/BL<\/p>\n<p>Ole Genberg, Stockholm<\/p>\n<p>Prof. Walter Maria F\u00f6rderer, Basel[\/vc_column_text][\/vc_column][\/vc_row][vc_row row_type=&#187;row&#187; use_row_as_full_screen_section=&#187;no&#187; type=&#187;full_width&#187; text_align=&#187;left&#187; background_animation=&#187;none&#187; css_animation=&#187;&#187;][vc_column width=&#187;1\/6&#8243;][\/vc_column][vc_column width=&#187;1\/6&#8243;][\/vc_column][vc_column width=&#187;1\/2&#8243;][vc_empty_space height=&#187;20px&#187;][vc_column_text]<\/p>\n<hr \/>\n<p>[\/vc_column_text][vc_empty_space height=&#187;20px&#187;][\/vc_column][\/vc_row][vc_row row_type=&#187;row&#187; use_row_as_full_screen_section=&#187;no&#187; type=&#187;full_width&#187; text_align=&#187;left&#187; background_animation=&#187;none&#187; css_animation=&#187;&#187;][vc_column width=&#187;1\/6&#8243;][\/vc_column][vc_column width=&#187;1\/6&#8243;][\/vc_column][vc_column width=&#187;1\/6&#8243;][vc_column_text]<\/p>\n<h4>1970 &#8211; 1976<\/h4>\n<p>[\/vc_column_text][\/vc_column][vc_column width=&#187;1\/2&#8243;][vc_column_text]Architekturstudium an der\u00a0Kunstakademie D\u00fcsseldorf<br \/>\nHochschule f\u00fcr\u00a0 Bildende K\u00fcnste<br \/>\nAbschlussarbeit bei Prof. Hans Hollein[\/vc_column_text][\/vc_column][\/vc_row][vc_row row_type=&#187;row&#187; use_row_as_full_screen_section=&#187;no&#187; type=&#187;full_width&#187; text_align=&#187;left&#187; background_animation=&#187;none&#187; css_animation=&#187;&#187;][vc_column width=&#187;1\/6&#8243;][\/vc_column][vc_column width=&#187;1\/6&#8243;][\/vc_column][vc_column width=&#187;1\/2&#8243;][vc_empty_space height=&#187;20px&#187;][vc_column_text]<\/p>\n<hr \/>\n<p>[\/vc_column_text][vc_empty_space height=&#187;20px&#187;][\/vc_column][\/vc_row][vc_row row_type=&#187;row&#187; use_row_as_full_screen_section=&#187;no&#187; type=&#187;full_width&#187; text_align=&#187;left&#187; background_animation=&#187;none&#187; css_animation=&#187;&#187;][vc_column width=&#187;1\/6&#8243;][\/vc_column][vc_column width=&#187;1\/6&#8243;][\/vc_column][vc_column width=&#187;1\/6&#8243;][vc_column_text]<\/p>\n<h4>1977<\/h4>\n<p>[\/vc_column_text][\/vc_column][vc_column width=&#187;1\/2&#8243;][vc_column_text]T\u00e4tigkeit im B\u00fcro Kiemle, Kreidt &amp; Partner, D\u00fcsseldorf[\/vc_column_text][\/vc_column][\/vc_row][vc_row row_type=&#187;row&#187; use_row_as_full_screen_section=&#187;no&#187; type=&#187;full_width&#187; text_align=&#187;left&#187; background_animation=&#187;none&#187; css_animation=&#187;&#187;][vc_column width=&#187;1\/6&#8243;][\/vc_column][vc_column width=&#187;1\/6&#8243;][\/vc_column][vc_column width=&#187;1\/2&#8243;][vc_empty_space height=&#187;20px&#187;][vc_column_text]<\/p>\n<hr \/>\n<p>[\/vc_column_text][vc_empty_space height=&#187;20px&#187;][\/vc_column][\/vc_row][vc_row row_type=&#187;row&#187; use_row_as_full_screen_section=&#187;no&#187; type=&#187;full_width&#187; text_align=&#187;left&#187; background_animation=&#187;none&#187; css_animation=&#187;&#187;][vc_column width=&#187;1\/6&#8243;][\/vc_column][vc_column width=&#187;1\/6&#8243;][\/vc_column][vc_column width=&#187;1\/6&#8243;][vc_column_text]<\/p>\n<h4>1978 &#8211; 1979<\/h4>\n<p>[\/vc_column_text][\/vc_column][vc_column width=&#187;1\/2&#8243;][vc_column_text]T\u00e4tigkeit im B\u00fcro Prof. Peter Poelzig &amp; Partner, Duisburg[\/vc_column_text][\/vc_column][\/vc_row][vc_row row_type=&#187;row&#187; use_row_as_full_screen_section=&#187;no&#187; type=&#187;full_width&#187; text_align=&#187;left&#187; background_animation=&#187;none&#187; css_animation=&#187;&#187;][vc_column width=&#187;1\/6&#8243;][\/vc_column][vc_column width=&#187;1\/6&#8243;][\/vc_column][vc_column width=&#187;1\/2&#8243;][vc_empty_space height=&#187;20px&#187;][vc_column_text]<\/p>\n<hr \/>\n<p>[\/vc_column_text][vc_empty_space height=&#187;20px&#187;][\/vc_column][\/vc_row][vc_row row_type=&#187;row&#187; use_row_as_full_screen_section=&#187;no&#187; type=&#187;full_width&#187; text_align=&#187;left&#187; background_animation=&#187;none&#187; css_animation=&#187;&#187;][vc_column width=&#187;1\/6&#8243;][\/vc_column][vc_column width=&#187;1\/6&#8243;][\/vc_column][vc_column width=&#187;1\/6&#8243;][vc_column_text]<\/p>\n<h4>1980<\/h4>\n<p>[\/vc_column_text][\/vc_column][vc_column width=&#187;1\/2&#8243;][vc_column_text]T\u00e4tigkeit im B\u00fcro Konrad Beckmann, D\u00fcsseldorf[\/vc_column_text][\/vc_column][\/vc_row][vc_row row_type=&#187;row&#187; use_row_as_full_screen_section=&#187;no&#187; type=&#187;full_width&#187; text_align=&#187;left&#187; background_animation=&#187;none&#187; css_animation=&#187;&#187;][vc_column width=&#187;1\/6&#8243;][\/vc_column][vc_column width=&#187;1\/6&#8243;][\/vc_column][vc_column width=&#187;1\/2&#8243;][vc_empty_space height=&#187;20px&#187;][vc_column_text]<\/p>\n<hr \/>\n<p>[\/vc_column_text][vc_empty_space height=&#187;20px&#187;][\/vc_column][\/vc_row][vc_row row_type=&#187;row&#187; use_row_as_full_screen_section=&#187;no&#187; type=&#187;full_width&#187; text_align=&#187;left&#187; background_animation=&#187;none&#187; css_animation=&#187;&#187;][vc_column width=&#187;1\/6&#8243;][\/vc_column][vc_column width=&#187;1\/6&#8243;][\/vc_column][vc_column width=&#187;1\/6&#8243;][vc_column_text]<\/p>\n<h4>1981 &#8211; 1986<\/h4>\n<p>[\/vc_column_text][\/vc_column][vc_column width=&#187;1\/2&#8243;][vc_column_text]Selbstst\u00e4ndiger Architekt in D\u00fcsseldorf[\/vc_column_text][\/vc_column][\/vc_row][vc_row row_type=&#187;row&#187; use_row_as_full_screen_section=&#187;no&#187; type=&#187;full_width&#187; text_align=&#187;left&#187; background_animation=&#187;none&#187; css_animation=&#187;&#187;][vc_column width=&#187;1\/6&#8243;][\/vc_column][vc_column width=&#187;1\/6&#8243;][\/vc_column][vc_column width=&#187;1\/2&#8243;][vc_empty_space height=&#187;20px&#187;][vc_column_text]<\/p>\n<hr \/>\n<p>[\/vc_column_text][vc_empty_space height=&#187;20px&#187;][\/vc_column][\/vc_row][vc_row row_type=&#187;row&#187; use_row_as_full_screen_section=&#187;no&#187; type=&#187;full_width&#187; text_align=&#187;left&#187; background_animation=&#187;none&#187; css_animation=&#187;&#187;][vc_column width=&#187;1\/6&#8243;][\/vc_column][vc_column width=&#187;1\/6&#8243;][\/vc_column][vc_column width=&#187;1\/6&#8243;][vc_column_text]<\/p>\n<h4>1987<\/h4>\n<p>[\/vc_column_text][\/vc_column][vc_column width=&#187;1\/2&#8243;][vc_column_text]T\u00e4tigkeit im B\u00fcro Otto + Partner, Liestal\/BL[\/vc_column_text][\/vc_column][\/vc_row][vc_row row_type=&#187;row&#187; use_row_as_full_screen_section=&#187;no&#187; type=&#187;full_width&#187; text_align=&#187;left&#187; background_animation=&#187;none&#187; css_animation=&#187;&#187;][vc_column width=&#187;1\/6&#8243;][\/vc_column][vc_column width=&#187;1\/6&#8243;][\/vc_column][vc_column width=&#187;1\/2&#8243;][vc_empty_space height=&#187;20px&#187;][vc_column_text]<\/p>\n<hr \/>\n<p>[\/vc_column_text][vc_empty_space height=&#187;20px&#187;][\/vc_column][\/vc_row][vc_row row_type=&#187;row&#187; use_row_as_full_screen_section=&#187;no&#187; type=&#187;full_width&#187; text_align=&#187;left&#187; background_animation=&#187;none&#187; css_animation=&#187;&#187;][vc_column width=&#187;1\/6&#8243;][\/vc_column][vc_column width=&#187;1\/6&#8243;][\/vc_column][vc_column width=&#187;1\/6&#8243;][vc_column_text]<\/p>\n<h4>1987 &#8211; 1989<\/h4>\n<p>[\/vc_column_text][\/vc_column][vc_column width=&#187;1\/2&#8243;][vc_column_text]T\u00e4tigkeit im B\u00fcro Suter + Suter, Basel[\/vc_column_text][\/vc_column][\/vc_row][vc_row row_type=&#187;row&#187; use_row_as_full_screen_section=&#187;no&#187; type=&#187;full_width&#187; text_align=&#187;left&#187; background_animation=&#187;none&#187; css_animation=&#187;&#187;][vc_column width=&#187;1\/6&#8243;][\/vc_column][vc_column width=&#187;1\/6&#8243;][\/vc_column][vc_column width=&#187;1\/2&#8243;][vc_empty_space height=&#187;20px&#187;][vc_column_text]<\/p>\n<hr \/>\n<p>[\/vc_column_text][vc_empty_space height=&#187;20px&#187;][\/vc_column][\/vc_row][vc_row row_type=&#187;row&#187; use_row_as_full_screen_section=&#187;no&#187; type=&#187;full_width&#187; text_align=&#187;left&#187; background_animation=&#187;none&#187; css_animation=&#187;&#187;][vc_column width=&#187;1\/6&#8243;][\/vc_column][vc_column width=&#187;1\/6&#8243;][\/vc_column][vc_column width=&#187;1\/6&#8243;][vc_column_text]<\/p>\n<h4>Seit 1989<\/h4>\n<p>[\/vc_column_text][\/vc_column][vc_column width=&#187;1\/2&#8243;][vc_column_text]Selbstst\u00e4ndiger Architekt in Basel[\/vc_column_text][\/vc_column][\/vc_row][vc_row row_type=&#187;row&#187; use_row_as_full_screen_section=&#187;no&#187; type=&#187;full_width&#187; text_align=&#187;left&#187; background_animation=&#187;none&#187; css_animation=&#187;&#187;][vc_column width=&#187;1\/6&#8243;][\/vc_column][vc_column width=&#187;1\/6&#8243;][\/vc_column][vc_column width=&#187;1\/2&#8243;][vc_empty_space height=&#187;20px&#187;][vc_column_text]<\/p>\n<hr \/>\n<p>[\/vc_column_text][vc_empty_space height=&#187;20px&#187;][\/vc_column][\/vc_row][vc_row row_type=&#187;row&#187; use_row_as_full_screen_section=&#187;no&#187; type=&#187;full_width&#187; text_align=&#187;left&#187; background_animation=&#187;none&#187; css_animation=&#187;&#187;][vc_column width=&#187;1\/6&#8243;][\/vc_column][vc_column width=&#187;1\/6&#8243;][\/vc_column][vc_column width=&#187;1\/6&#8243;][vc_column_text]<\/p>\n<h4>2000 &#8211; 2002<\/h4>\n<p>[\/vc_column_text][\/vc_column][vc_column width=&#187;1\/2&#8243;][vc_column_text]Gastprofessor an der Bauhaus-Universit\u00e4t Weimar[\/vc_column_text][vc_column_text]<span style=\"text-decoration: underline;\"><a href=\"https:\/\/e-sp.ch\/wp-content\/uploads\/2024\/01\/Eingriffe-.pdf\" target=\"_blank\" rel=\"noopener\">\u00abEingriffe\u00bb PDF Ansicht<\/a><\/span>[\/vc_column_text][\/vc_column][\/vc_row][vc_row row_type=&#187;row&#187; use_row_as_full_screen_section=&#187;no&#187; type=&#187;full_width&#187; text_align=&#187;left&#187; background_animation=&#187;none&#187; css_animation=&#187;&#187;][vc_column width=&#187;1\/6&#8243;][\/vc_column][vc_column width=&#187;1\/6&#8243;][\/vc_column][vc_column width=&#187;1\/2&#8243;][vc_empty_space height=&#187;20px&#187;][vc_column_text]<\/p>\n<hr \/>\n<p>[\/vc_column_text][vc_empty_space height=&#187;20px&#187;][\/vc_column][\/vc_row][vc_row row_type=&#187;row&#187; use_row_as_full_screen_section=&#187;no&#187; type=&#187;full_width&#187; text_align=&#187;left&#187; background_animation=&#187;none&#187; css_animation=&#187;&#187;][vc_column width=&#187;1\/6&#8243;][\/vc_column][vc_column width=&#187;1\/6&#8243;][\/vc_column][vc_column width=&#187;1\/6&#8243;][vc_column_text]<\/p>\n<h4>2017<\/h4>\n<p>[\/vc_column_text][\/vc_column][vc_column width=&#187;1\/2&#8243;][vc_column_text]Promotion zum Dr.-Ingenieur<br \/>\nan der Fakult\u00e4t Architektur und Urbanistik der Bauhaus-Universit\u00e4t Weimar[\/vc_column_text][\/vc_column][\/vc_row][vc_row row_type=&#187;row&#187; use_row_as_full_screen_section=&#187;no&#187; type=&#187;full_width&#187; text_align=&#187;left&#187; background_animation=&#187;none&#187; css_animation=&#187;&#187;][vc_column width=&#187;1\/6&#8243;][\/vc_column][vc_column width=&#187;1\/6&#8243;][\/vc_column][vc_column width=&#187;1\/2&#8243;][vc_empty_space height=&#187;20px&#187;][vc_column_text]<\/p>\n<hr \/>\n<p>[\/vc_column_text][vc_empty_space height=&#187;20px&#187;][\/vc_column][\/vc_row][vc_row row_type=&#187;row&#187; use_row_as_full_screen_section=&#187;no&#187; type=&#187;full_width&#187; text_align=&#187;left&#187; background_animation=&#187;none&#187; css_animation=&#187;&#187;][vc_column width=&#187;1\/6&#8243;][\/vc_column][vc_column width=&#187;1\/6&#8243;][\/vc_column][vc_column width=&#187;1\/6&#8243;][vc_column_text]<\/p>\n<h4>2020 \u2013 2021<\/h4>\n<p>[\/vc_column_text][\/vc_column][vc_column width=&#187;1\/2&#8243;][vc_column_text]Lehrauftrag an der Technischen Universit\u00e4t Dortmund<br \/>\nFakult\u00e4t Architektur und Bauingenieurwesen \u2013\u00a0Lehrstuhl Geb\u00e4udetypologien[\/vc_column_text][vc_column_text]<span style=\"text-decoration: underline;\"><a href=\"https:\/\/e-sp.ch\/wp-content\/uploads\/2024\/01\/Primarschule-am-Horburg-Park.pdf\" target=\"_blank\" rel=\"noopener\">\u00abPrimarschule Horburg-Park\u00bb PDF Ansicht<\/a><\/span>[\/vc_column_text][\/vc_column][\/vc_row][vc_row row_type=&#187;row&#187; use_row_as_full_screen_section=&#187;no&#187; type=&#187;full_width&#187; text_align=&#187;left&#187; background_animation=&#187;none&#187; css_animation=&#187;&#187;][vc_column width=&#187;1\/6&#8243;][\/vc_column][vc_column width=&#187;1\/6&#8243;][\/vc_column][vc_column width=&#187;1\/2&#8243;][vc_empty_space height=&#187;20px&#187;][vc_column_text]<\/p>\n<hr \/>\n<p>[\/vc_column_text][vc_empty_space height=&#187;20px&#187;][\/vc_column][\/vc_row][vc_row row_type=&#187;row&#187; use_row_as_full_screen_section=&#187;no&#187; type=&#187;full_width&#187; text_align=&#187;left&#187; background_animation=&#187;none&#187; css_animation=&#187;&#187;][vc_column width=&#187;1\/6&#8243;][\/vc_column][vc_column width=&#187;1\/6&#8243;][\/vc_column][vc_column width=&#187;1\/6&#8243;][vc_column_text]<\/p>\n<h4>2021<\/h4>\n<p>[\/vc_column_text][\/vc_column][vc_column width=&#187;1\/2&#8243;][vc_column_text]Lehrauftrag an der RWTH Aachen University<br \/>\nFakult\u00e4t f\u00fcr Architektur &#8211; Lehrgebiet f\u00fcr Bauplanung und Baurealisierung[\/vc_column_text][\/vc_column][\/vc_row][vc_row row_type=&#187;row&#187; use_row_as_full_screen_section=&#187;no&#187; type=&#187;full_width&#187; text_align=&#187;left&#187; background_animation=&#187;none&#187; css_animation=&#187;&#187;][vc_column width=&#187;1\/6&#8243;][\/vc_column][vc_column width=&#187;1\/6&#8243;][\/vc_column][vc_column width=&#187;1\/2&#8243;][vc_empty_space height=&#187;20px&#187;][vc_column_text]<\/p>\n<hr \/>\n<p>[\/vc_column_text][vc_empty_space height=&#187;20px&#187;][\/vc_column][\/vc_row][vc_row row_type=&#187;row&#187; use_row_as_full_screen_section=&#187;no&#187; type=&#187;full_width&#187; text_align=&#187;left&#187; background_animation=&#187;none&#187; css_animation=&#187;&#187;][vc_column width=&#187;1\/4&#8243;][\/vc_column][vc_column width=&#187;1\/2&#8243;][vc_empty_space height=&#187;20px&#187;][vc_column_text]<\/p>\n<h3 style=\"text-align: center;\">Publikationen<\/h3>\n<p>[\/vc_column_text][vc_empty_space height=&#187;20px&#187;][\/vc_column][vc_column width=&#187;1\/4&#8243;][\/vc_column][\/vc_row][vc_row row_type=&#187;row&#187; use_row_as_full_screen_section=&#187;no&#187; type=&#187;full_width&#187; text_align=&#187;left&#187; background_animation=&#187;none&#187; css_animation=&#187;&#187;][vc_column width=&#187;1\/4&#8243;][\/vc_column][vc_column width=&#187;1\/4&#8243;][vc_column_text]<b>Drei L\u00e4nder, eine Stadt<br \/>\n<\/b>Neueste Bauten im grenz\u00fcberschreitenden Stadtraum Basel\u00a01992-1997[\/vc_column_text][vc_column_text]<em>Herausgegeben von Ernst Spycher und Lutz Windh\u00f6fel<\/em>,\u00a0<em>Birkh\u00e4user Verlag Basel &#8211; Boston &#8211; Berlin, 1997<\/em>[\/vc_column_text][vc_empty_space height=&#187;40px&#187;][\/vc_column][vc_column width=&#187;1\/4&#8243;][vc_column_text]<b>Eingriffe<br \/>\n<\/b>Lehrstuhl Entwerfen und Geb\u00e4udelehre II<br \/>\n<em>Bauhaus-Universit\u00e4t Weimar<\/em><br \/>\n<em>Gastprofessor Ernst Spycher<\/em><br \/>\n<em>Weimar, 2002<\/em>[\/vc_column_text][vc_empty_space height=&#187;40px&#187;][\/vc_column][vc_column width=&#187;1\/4&#8243;][vc_column_text]<b>Bauten f\u00fcr die Bildung<br \/>\n<\/b>Schulhausbauten von Basel von 1845\u20132020 im schweizerischen und internationalen Kontext<br \/>\n<em>2. Auflage<br \/>\nSchwabe Verlag Basel, 2023<\/em>[\/vc_column_text][vc_empty_space height=&#187;40px&#187;][\/vc_column][\/vc_row][vc_row row_type=&#187;row&#187; use_row_as_full_screen_section=&#187;no&#187; type=&#187;full_width&#187; text_align=&#187;left&#187; background_animation=&#187;none&#187; css_animation=&#187;&#187;][vc_column width=&#187;1\/6&#8243;][\/vc_column][vc_column width=&#187;1\/6&#8243;][\/vc_column][vc_column width=&#187;1\/2&#8243;][vc_empty_space height=&#187;20px&#187;][vc_column_text]<\/p>\n<hr \/>\n<p>[\/vc_column_text][vc_empty_space height=&#187;20px&#187;][\/vc_column][\/vc_row][vc_row row_type=&#187;row&#187; use_row_as_full_screen_section=&#187;no&#187; type=&#187;full_width&#187; text_align=&#187;left&#187; background_animation=&#187;none&#187; css_animation=&#187;&#187;][vc_column width=&#187;1\/4&#8243;][\/vc_column][vc_column width=&#187;1\/2&#8243;][vc_empty_space height=&#187;20px&#187;][vc_column_text]<\/p>\n<h3 style=\"text-align: center;\">Ausstellungen<\/h3>\n<p>[\/vc_column_text][vc_empty_space height=&#187;20px&#187;][\/vc_column][vc_column width=&#187;1\/4&#8243;][\/vc_column][\/vc_row][vc_row row_type=&#187;row&#187; use_row_as_full_screen_section=&#187;no&#187; type=&#187;full_width&#187; text_align=&#187;left&#187; background_animation=&#187;none&#187; css_animation=&#187;&#187;][vc_column width=&#187;1\/4&#8243;][\/vc_column][vc_column width=&#187;1\/4&#8243;][vc_column_text]<b>Universit\u00e4tsgalerie im ACC Weimar<br \/>\n<\/b>F\u00fcnf Schulen\u00a0f\u00fcr das Gesundheitswesen in Basel<br \/>\nSemesterarbeiten des Lehrstuhls Entwerfen und Geb\u00e4udelehre II der Bauhaus-Universit\u00e4t Weimar,\u00a0Gastprofessor Dipl. Architekt Ernst Spycher<br \/>\n24.09.2001 \u2013 7.10.2001[\/vc_column_text][vc_empty_space height=&#187;40px&#187;][\/vc_column][vc_column width=&#187;1\/4&#8243;][vc_column_text]<b>Schweizerisches Architekturmuseum Basel<\/b><\/p>\n<div class=\"\">Schulhausbauten in Basel von 1845 \u2013 2015<\/div>\n<div class=\"\">Kuratiert von\u00a0Ernst Spycher<br \/>\n1.10.2016 \u2013 16.10.2016<\/div>\n<p>[\/vc_column_text][vc_empty_space height=&#187;40px&#187;][\/vc_column][vc_column width=&#187;1\/4&#8243;][\/vc_column][\/vc_row]<\/p>\n<\/div>","protected":false},"excerpt":{"rendered":"<p>[vc_row row_type=&#187;row&#187; use_row_as_full_screen_section=&#187;no&#187; type=&#187;full_width&#187; text_align=&#187;left&#187; background_animation=&#187;none&#187; css_animation=&#187;&#187;][vc_column width=&#187;1\/4&#8243;][\/vc_column][vc_column width=&#187;1\/4&#8243;][vc_single_image image=&#187;508&#8243; img_size=&#187;medium&#187; alignment=&#187;right&#187; style=&#187;vc_box_circle_2&#8243; qode_css_animation=&#187;&#187;][vc_empty_space height=&#187;10px&#187;][vc_column_text] Portraitfotografie: Hans H. M\u00fcnchhalfen [\/vc_column_text][\/vc_column][vc_column width=&#187;1\/4&#8243;][vc_empty_space height=&#187;20px&#187;][vc_empty_space height=&#187;20px&#187;][vc_empty_space height=&#187;50px&#187;][vc_column_text] Ernst Spycher [\/vc_column_text][vc_column_text]Dr.-Ing. Dipl. Arch. HBK | SIA[\/vc_column_text][\/vc_column][vc_column width=&#187;1\/4&#8243;][\/vc_column][\/vc_row][vc_row row_type=&#187;row&#187; use_row_as_full_screen_section=&#187;no&#187; type=&#187;full_width&#187; text_align=&#187;left&#187; background_animation=&#187;none&#187; css_animation=&#187;&#187;][vc_column width=&#187;1\/2&#8243;][\/vc_column][vc_column width=&#187;1\/2&#8243;][vc_empty_space height=&#187;60px&#187;][vc_column_text] Curriculum Vitae [\/vc_column_text][vc_empty_space&#8230;<\/p>\n","protected":false},"author":1,"featured_media":0,"parent":0,"menu_order":0,"comment_status":"closed","ping_status":"closed","template":"","meta":{"footnotes":""},"class_list":["post-343","page","type-page","status-publish","hentry"],"_links":{"self":[{"href":"https:\/\/e-sp.ch\/index.php\/wp-json\/wp\/v2\/pages\/343","targetHints":{"allow":["GET"]}}],"collection":[{"href":"https:\/\/e-sp.ch\/index.php\/wp-json\/wp\/v2\/pages"}],"about":[{"href":"https:\/\/e-sp.ch\/index.php\/wp-json\/wp\/v2\/types\/page"}],"author":[{"embeddable":true,"href":"https:\/\/e-sp.ch\/index.php\/wp-json\/wp\/v2\/users\/1"}],"replies":[{"embeddable":true,"href":"https:\/\/e-sp.ch\/index.php\/wp-json\/wp\/v2\/comments?post=343"}],"version-history":[{"count":139,"href":"https:\/\/e-sp.ch\/index.php\/wp-json\/wp\/v2\/pages\/343\/revisions"}],"predecessor-version":[{"id":911,"href":"https:\/\/e-sp.ch\/index.php\/wp-json\/wp\/v2\/pages\/343\/revisions\/911"}],"wp:attachment":[{"href":"https:\/\/e-sp.ch\/index.php\/wp-json\/wp\/v2\/media?parent=343"}],"curies":[{"name":"wp","href":"https:\/\/api.w.org\/{rel}","templated":true}]}}